{"id":4877,"date":"2021-03-21T17:37:03","date_gmt":"2021-03-21T16:37:03","guid":{"rendered":"https:\/\/connexiontip.com\/confirmez-votre-adresse-email\/"},"modified":"2023-03-27T12:40:56","modified_gmt":"2023-03-27T10:40:56","slug":"confirmez-votre-adresse-email","status":"publish","type":"page","link":"https:\/\/connexiontip.com\/en\/confirmez-votre-adresse-email\/","title":{"rendered":"Confirmez votre adresse email"},"content":{"rendered":"<div id='av_section_1'  class='avia-section av-ka3ob3bf-a791a0a5915788ff9059fdd07b10acbf main_color avia-section-default avia-no-border-styling  avia-builder-el-0  avia-builder-el-no-sibling  avia-bg-style-scroll av-minimum-height av-minimum-height-75  container_wrap fullsize'   data-av_minimum_height_pc='75'><div class='container av-section-cont-open' ><main  role=\"main\" itemprop=\"mainContentOfPage\"  class='template-page content  av-content-full alpha units'><div class='post-entry post-entry-type-page post-entry-4877'><div class='entry-content-wrapper clearfix'>\n<div class='flex_column av-4sb5y2-22b89f700a3b045486b92f1038c51130 av_one_half  avia-builder-el-1  el_before_av_one_half  avia-builder-el-first  first flex_column_div '     ><p>\n<style type=\"text\/css\" data-created_by=\"avia_inline_auto\" id=\"style-css-av-kmje647r-08d4bb2b9ecfb91884569b2ebd065a7e\">\n#top .av-special-heading.av-kmje647r-08d4bb2b9ecfb91884569b2ebd065a7e{\npadding-bottom:10px;\n}\nbody .av-special-heading.av-kmje647r-08d4bb2b9ecfb91884569b2ebd065a7e .av-special-heading-tag .heading-char{\nfont-size:25px;\n}\n.av-special-heading.av-kmje647r-08d4bb2b9ecfb91884569b2ebd065a7e .av-subheading{\nfont-size:15px;\n}\n<\/style>\n<div  class='av-special-heading av-kmje647r-08d4bb2b9ecfb91884569b2ebd065a7e av-special-heading-h1 blockquote modern-quote  avia-builder-el-2  el_before_av_codeblock  avia-builder-el-first '><h1 class='av-special-heading-tag'  itemprop=\"headline\"  >Nous vous avons envoy\u00e9 un email pour confirmer votre inscription<\/h1><div class=\"special-heading-border\"><div class=\"special-heading-inner-border\"><\/div><\/div><\/div><br \/>\n<br \/>\n\n<style type=\"text\/css\" data-created_by=\"avia_inline_auto\" id=\"style-css-av-ka3od8av-850da0e6a80f8805cc3b775fadd0b5e5\">\n#top .av_textblock_section.av-ka3od8av-850da0e6a80f8805cc3b775fadd0b5e5 .avia_textblock{\nfont-size:18px;\n}\n<\/style>\n<section  class='av_textblock_section av-ka3od8av-850da0e6a80f8805cc3b775fadd0b5e5'  itemscope=\"itemscope\" itemtype=\"https:\/\/schema.org\/CreativeWork\" ><div class='avia_textblock'  itemprop=\"text\" ><p style=\"text-align: left;\">Pour confirmez votre inscription, veuillez cliquer sur le lien envoy\u00e9 sur votre adresse email. V\u00e9rifiez aussi les email ind\u00e9sirable\/spam.<br \/>\n\u00c0 bient\u00f4t !<br \/>\nL\u2019\u00c9quipe de Connexion TIP<\/p>\n<\/div><\/section><\/p><\/div><div class='flex_column av-2evw2i-a45a25c8caf1a121501ce84f3718ec37 av_one_half  avia-builder-el-5  el_after_av_one_half  avia-builder-el-last  flex_column_div '     ><p>\n<style type=\"text\/css\" data-created_by=\"avia_inline_auto\" id=\"style-css-av-kmje6nns-a37842260582a57eb9c8f597c39c238f\">\n#top .av-special-heading.av-kmje6nns-a37842260582a57eb9c8f597c39c238f{\npadding-bottom:10px;\n}\nbody .av-special-heading.av-kmje6nns-a37842260582a57eb9c8f597c39c238f .av-special-heading-tag .heading-char{\nfont-size:25px;\n}\n.av-special-heading.av-kmje6nns-a37842260582a57eb9c8f597c39c238f .av-subheading{\nfont-size:15px;\n}\n<\/style>\n<div  class='av-special-heading av-kmje6nns-a37842260582a57eb9c8f597c39c238f av-special-heading-h1 blockquote modern-quote  avia-builder-el-6  el_before_av_codeblock  avia-builder-el-first '><h1 class='av-special-heading-tag'  itemprop=\"headline\"  >We have sent you an email to confirm your registration <\/h1><div class=\"special-heading-border\"><div class=\"special-heading-inner-border\"><\/div><\/div><\/div><br \/>\n<br \/>\n\n<style type=\"text\/css\" data-created_by=\"avia_inline_auto\" id=\"style-css-av-ka3od8av-1-8c2da341d39375f14448df48fc1195dc\">\n#top .av_textblock_section.av-ka3od8av-1-8c2da341d39375f14448df48fc1195dc .avia_textblock{\nfont-size:18px;\n}\n<\/style>\n<section  class='av_textblock_section av-ka3od8av-1-8c2da341d39375f14448df48fc1195dc'  itemscope=\"itemscope\" itemtype=\"https:\/\/schema.org\/CreativeWork\" ><div class='avia_textblock'  itemprop=\"text\" ><p style=\"text-align: left;\">To confirm your registration, please click on the link sent to your email address. Also check for junk \/ spam emails.<\/p>\n<p style=\"text-align: left;\">See you soon !<br \/>\nThe TIP Connection Team<\/p>\n<\/div><\/section><\/p><\/div>\n","protected":false},"excerpt":{"rendered":"","protected":false},"author":1,"featured_media":0,"parent":0,"menu_order":0,"comment_status":"closed","ping_status":"closed","template":"","meta":{"footnotes":""},"class_list":["post-4877","page","type-page","status-publish","hentry"],"yoast_head":"<!-- This site is optimized with the Yoast SEO plugin v27.5 - https:\/\/yoast.com\/product\/yoast-seo-wordpress\/ -->\n<title>Confirmez votre adresse email - Connexion TIP<\/title>\n<meta name=\"robots\" content=\"index, follow, max-snippet:-1, max-image-preview:large, max-video-preview:-1\" \/>\n<link rel=\"canonical\" href=\"https:\/\/connexiontip.com\/en\/confirmez-votre-adresse-email\/\" \/>\n<meta property=\"og:locale\" content=\"en_US\" \/>\n<meta property=\"og:type\" content=\"article\" \/>\n<meta property=\"og:title\" content=\"Confirmez votre adresse email - Connexion TIP\" \/>\n<meta property=\"og:url\" content=\"https:\/\/connexiontip.com\/en\/confirmez-votre-adresse-email\/\" \/>\n<meta property=\"og:site_name\" content=\"Connexion TIP\" \/>\n<meta property=\"article:modified_time\" content=\"2023-03-27T10:40:56+00:00\" \/>\n<meta property=\"og:image\" content=\"https:\/\/cdn.addevent.com\/libs\/imgs\/icon-emd-share-apple-t1.png\" \/>\n<meta name=\"twitter:card\" content=\"summary_large_image\" \/>\n<meta name=\"twitter:label1\" content=\"Est. reading time\" \/>\n\t<meta name=\"twitter:data1\" content=\"5 minutes\" \/>\n<script type=\"application\/ld+json\" class=\"yoast-schema-graph\">{\"@context\":\"https:\\\/\\\/schema.org\",\"@graph\":[{\"@type\":\"WebPage\",\"@id\":\"https:\\\/\\\/connexiontip.com\\\/en\\\/confirmez-votre-adresse-email\\\/\",\"url\":\"https:\\\/\\\/connexiontip.com\\\/en\\\/confirmez-votre-adresse-email\\\/\",\"name\":\"Confirmez votre adresse email - Connexion TIP\",\"isPartOf\":{\"@id\":\"https:\\\/\\\/connexiontip.com\\\/#website\"},\"primaryImageOfPage\":{\"@id\":\"https:\\\/\\\/connexiontip.com\\\/en\\\/confirmez-votre-adresse-email\\\/#primaryimage\"},\"image\":{\"@id\":\"https:\\\/\\\/connexiontip.com\\\/en\\\/confirmez-votre-adresse-email\\\/#primaryimage\"},\"thumbnailUrl\":\"https:\\\/\\\/cdn.addevent.com\\\/libs\\\/imgs\\\/icon-emd-share-apple-t1.png\",\"datePublished\":\"2021-03-21T16:37:03+00:00\",\"dateModified\":\"2023-03-27T10:40:56+00:00\",\"breadcrumb\":{\"@id\":\"https:\\\/\\\/connexiontip.com\\\/en\\\/confirmez-votre-adresse-email\\\/#breadcrumb\"},\"inLanguage\":\"en-US\",\"potentialAction\":[{\"@type\":\"ReadAction\",\"target\":[\"https:\\\/\\\/connexiontip.com\\\/en\\\/confirmez-votre-adresse-email\\\/\"]}]},{\"@type\":\"ImageObject\",\"inLanguage\":\"en-US\",\"@id\":\"https:\\\/\\\/connexiontip.com\\\/en\\\/confirmez-votre-adresse-email\\\/#primaryimage\",\"url\":\"https:\\\/\\\/cdn.addevent.com\\\/libs\\\/imgs\\\/icon-emd-share-apple-t1.png\",\"contentUrl\":\"https:\\\/\\\/cdn.addevent.com\\\/libs\\\/imgs\\\/icon-emd-share-apple-t1.png\"},{\"@type\":\"BreadcrumbList\",\"@id\":\"https:\\\/\\\/connexiontip.com\\\/en\\\/confirmez-votre-adresse-email\\\/#breadcrumb\",\"itemListElement\":[{\"@type\":\"ListItem\",\"position\":1,\"name\":\"Accueil\",\"item\":\"https:\\\/\\\/connexiontip.com\\\/en\\\/connexion-tip\\\/\"},{\"@type\":\"ListItem\",\"position\":2,\"name\":\"Confirmez votre adresse email\"}]},{\"@type\":\"WebSite\",\"@id\":\"https:\\\/\\\/connexiontip.com\\\/#website\",\"url\":\"https:\\\/\\\/connexiontip.com\\\/\",\"name\":\"Connexion TIP\",\"description\":\"Connecter l\u2019Humain, Cr\u00e9er le Monde\",\"potentialAction\":[{\"@type\":\"SearchAction\",\"target\":{\"@type\":\"EntryPoint\",\"urlTemplate\":\"https:\\\/\\\/connexiontip.com\\\/?s={search_term_string}\"},\"query-input\":{\"@type\":\"PropertyValueSpecification\",\"valueRequired\":true,\"valueName\":\"search_term_string\"}}],\"inLanguage\":\"en-US\"}]}<\/script>\n<!-- \/ Yoast SEO plugin. -->","yoast_head_json":{"title":"Confirmez votre adresse email - Connexion TIP","robots":{"index":"index","follow":"follow","max-snippet":"max-snippet:-1","max-image-preview":"max-image-preview:large","max-video-preview":"max-video-preview:-1"},"canonical":"https:\/\/connexiontip.com\/en\/confirmez-votre-adresse-email\/","og_locale":"en_US","og_type":"article","og_title":"Confirmez votre adresse email - Connexion TIP","og_url":"https:\/\/connexiontip.com\/en\/confirmez-votre-adresse-email\/","og_site_name":"Connexion TIP","article_modified_time":"2023-03-27T10:40:56+00:00","og_image":[{"url":"https:\/\/cdn.addevent.com\/libs\/imgs\/icon-emd-share-apple-t1.png","type":"","width":"","height":""}],"twitter_card":"summary_large_image","twitter_misc":{"Est. reading time":"5 minutes"},"schema":{"@context":"https:\/\/schema.org","@graph":[{"@type":"WebPage","@id":"https:\/\/connexiontip.com\/en\/confirmez-votre-adresse-email\/","url":"https:\/\/connexiontip.com\/en\/confirmez-votre-adresse-email\/","name":"Confirmez votre adresse email - Connexion TIP","isPartOf":{"@id":"https:\/\/connexiontip.com\/#website"},"primaryImageOfPage":{"@id":"https:\/\/connexiontip.com\/en\/confirmez-votre-adresse-email\/#primaryimage"},"image":{"@id":"https:\/\/connexiontip.com\/en\/confirmez-votre-adresse-email\/#primaryimage"},"thumbnailUrl":"https:\/\/cdn.addevent.com\/libs\/imgs\/icon-emd-share-apple-t1.png","datePublished":"2021-03-21T16:37:03+00:00","dateModified":"2023-03-27T10:40:56+00:00","breadcrumb":{"@id":"https:\/\/connexiontip.com\/en\/confirmez-votre-adresse-email\/#breadcrumb"},"inLanguage":"en-US","potentialAction":[{"@type":"ReadAction","target":["https:\/\/connexiontip.com\/en\/confirmez-votre-adresse-email\/"]}]},{"@type":"ImageObject","inLanguage":"en-US","@id":"https:\/\/connexiontip.com\/en\/confirmez-votre-adresse-email\/#primaryimage","url":"https:\/\/cdn.addevent.com\/libs\/imgs\/icon-emd-share-apple-t1.png","contentUrl":"https:\/\/cdn.addevent.com\/libs\/imgs\/icon-emd-share-apple-t1.png"},{"@type":"BreadcrumbList","@id":"https:\/\/connexiontip.com\/en\/confirmez-votre-adresse-email\/#breadcrumb","itemListElement":[{"@type":"ListItem","position":1,"name":"Accueil","item":"https:\/\/connexiontip.com\/en\/connexion-tip\/"},{"@type":"ListItem","position":2,"name":"Confirmez votre adresse email"}]},{"@type":"WebSite","@id":"https:\/\/connexiontip.com\/#website","url":"https:\/\/connexiontip.com\/","name":"Connexion TIP","description":"Connecter l\u2019Humain, Cr\u00e9er le Monde","potentialAction":[{"@type":"SearchAction","target":{"@type":"EntryPoint","urlTemplate":"https:\/\/connexiontip.com\/?s={search_term_string}"},"query-input":{"@type":"PropertyValueSpecification","valueRequired":true,"valueName":"search_term_string"}}],"inLanguage":"en-US"}]}},"_links":{"self":[{"href":"https:\/\/connexiontip.com\/en\/wp-json\/wp\/v2\/pages\/4877","targetHints":{"allow":["GET"]}}],"collection":[{"href":"https:\/\/connexiontip.com\/en\/wp-json\/wp\/v2\/pages"}],"about":[{"href":"https:\/\/connexiontip.com\/en\/wp-json\/wp\/v2\/types\/page"}],"author":[{"embeddable":true,"href":"https:\/\/connexiontip.com\/en\/wp-json\/wp\/v2\/users\/1"}],"replies":[{"embeddable":true,"href":"https:\/\/connexiontip.com\/en\/wp-json\/wp\/v2\/comments?post=4877"}],"version-history":[{"count":0,"href":"https:\/\/connexiontip.com\/en\/wp-json\/wp\/v2\/pages\/4877\/revisions"}],"wp:attachment":[{"href":"https:\/\/connexiontip.com\/en\/wp-json\/wp\/v2\/media?parent=4877"}],"curies":[{"name":"wp","href":"https:\/\/api.w.org\/{rel}","templated":true}]}}